{"id":307,"date":"2018-08-16T05:57:31","date_gmt":"2018-08-16T05:57:31","guid":{"rendered":"https:\/\/demo.themegrill.com\/colormag\/donation-confirmation\/"},"modified":"2023-04-18T11:43:19","modified_gmt":"2023-04-18T16:43:19","slug":"donation-confirmation","status":"publish","type":"page","link":"https:\/\/americancoatingssas.com.co\/social\/donation-confirmation\/","title":{"rendered":"Impacto socio-ambiental"},"content":{"rendered":"<section class=\"wpb-content-wrapper\"><p>[vc_row][vc_column][vc_column_text]<\/p>\n<p class=\"has-vivid-cyan-blue-color has-text-color has-medium-font-size\"><strong>CAPACITACI\u00d3N EN EL MANEJO ADECUADO DE RESIDUOS S\u00d3LIDOS<\/strong>.<\/p>\n\n<p><strong>American Coatings SAS<\/strong> pretende dignificar el estatus de los trabajadores del reciclaje, concientizando a las comunidades acerca de la relevancia en seleccionar desde sus casas el material aprovechable y proporcionarlo de manera adecuada a estos trabajadores. La capacitaci\u00f3n se enfoca en producir cambios culturales en la gesti\u00f3n de residuos, incluyendo conocimientos, actitudes, empoderamiento de la mujer, valores y pr\u00e1cticas relacionadas con el proceso en el ciclo y utilizaci\u00f3n de materiales reciclables. Incrementando la importancia de la cultura ciudadana e invitando a los ciudadanos a modificar su comportamiento voluntariamente para reducir el impacto ambiental, la huella de carbono y aumentar el aprovechamiento de residuos, a trav\u00e9s de sus h\u00e1bitos de consumo y eliminaci\u00f3n de residuos.<\/p>\n\n<p>\u00a0<\/p>\n\n\n<figure class=\"is-layout-flex wp-block-gallery-1 wp-block-gallery has-nested-images columns-default is-cropped\"><\/p>\n<figure class=\"wp-block-image size-large\"><img decoding=\"async\" loading=\"lazy\" width=\"943\" height=\"553\" data-id=\"661\"  class=\"wp-image-661\" src=\"https:\/\/americancoatingssas.com.co\/social\/wp-content\/uploads\/2023\/03\/Imagen3.jpg\" alt=\"\" srcset=\"https:\/\/americancoatingssas.com.co\/social\/wp-content\/uploads\/2023\/03\/Imagen3.jpg 943w, https:\/\/americancoatingssas.com.co\/social\/wp-content\/uploads\/2023\/03\/Imagen3-768x450.jpg 768w\" sizes=\"(max-width: 943px) 100vw, 943px\" \/><\/figure>\n\n\n<figure class=\"wp-block-image size-large\"><img decoding=\"async\" loading=\"lazy\" width=\"744\" height=\"419\" data-id=\"659\"  class=\"wp-image-659\" src=\"https:\/\/americancoatingssas.com.co\/social\/wp-content\/uploads\/2023\/03\/Imagen1.jpg\" alt=\"\" srcset=\"https:\/\/americancoatingssas.com.co\/social\/wp-content\/uploads\/2023\/03\/Imagen1.jpg 744w, https:\/\/americancoatingssas.com.co\/social\/wp-content\/uploads\/2023\/03\/Imagen1-320x180.jpg 320w\" sizes=\"(max-width: 744px) 100vw, 744px\" \/><\/figure>\n\n\n<figure class=\"wp-block-image size-large\"><img decoding=\"async\" loading=\"lazy\" width=\"896\" height=\"462\" data-id=\"660\"  class=\"wp-image-660\" src=\"https:\/\/americancoatingssas.com.co\/social\/wp-content\/uploads\/2023\/03\/Imagen2.jpg\" alt=\"\" srcset=\"https:\/\/americancoatingssas.com.co\/social\/wp-content\/uploads\/2023\/03\/Imagen2.jpg 896w, https:\/\/americancoatingssas.com.co\/social\/wp-content\/uploads\/2023\/03\/Imagen2-768x396.jpg 768w\" sizes=\"(max-width: 896px) 100vw, 896px\" \/><\/figure>\n\n<\/figure>\n\n<p>\u00a0<\/p>\n\n\n<hr class=\"wp-block-separator has-alpha-channel-opacity\" \/>\n\n\n<p class=\"has-vivid-cyan-blue-color has-text-color has-medium-font-size\"><strong>R-PET Y EL IMPACTO EN LA COMUNIDAD<\/strong><\/p>\n\n<p>\u00a0<\/p>\n\n<p><strong>American Coatings SAS<\/strong>, Durante el a\u00f1o 2018, realizo un estudio en la poblaci\u00f3n del municipio de Quibd\u00f3, en el Departamento de Choc\u00f3, caracterizando algunos de los barrios de las seis comunas que conforman el municipio; entre ellos (Kennedy, el reposo, Chambacu, y Am\u00e9ricas). Dejando en evidencia la necesidad de contar con materiales e insumos adecuados en la construcci\u00f3n de casas, con la pretensi\u00f3n de elaborar (Tejas y Postes) en material reciclado R-PET que permitan dignificar la vida de quienes habitan all\u00ed. Lamentablemente con la llegada de la pandemia COVID-19 trunco el proceso; sin embargo las directivas de <strong>American Coatings SAS<\/strong> mantienen la fe y la visi\u00f3n de convertir este sue\u00f1o en una pronta realidad para impactar de manera positiva a esta regi\u00f3n del pa\u00eds.<\/p>\n\n\n<figure class=\"is-layout-flex wp-block-gallery-3 wp-block-gallery has-nested-images columns-default is-cropped\"><\/p>\n<figure class=\"wp-block-image size-large\"><img decoding=\"async\" loading=\"lazy\" width=\"867\" height=\"651\" data-id=\"662\"  class=\"wp-image-662\" src=\"https:\/\/americancoatingssas.com.co\/social\/wp-content\/uploads\/2023\/03\/Imagen4.jpg\" alt=\"\" srcset=\"https:\/\/americancoatingssas.com.co\/social\/wp-content\/uploads\/2023\/03\/Imagen4.jpg 867w, https:\/\/americancoatingssas.com.co\/social\/wp-content\/uploads\/2023\/03\/Imagen4-768x577.jpg 768w\" sizes=\"(max-width: 867px) 100vw, 867px\" \/><\/figure>\n\n\n<figure class=\"wp-block-image size-large\"><img decoding=\"async\" loading=\"lazy\" width=\"774\" height=\"581\" data-id=\"663\"  class=\"wp-image-663\" src=\"https:\/\/americancoatingssas.com.co\/social\/wp-content\/uploads\/2023\/03\/Imagen5.jpg\" alt=\"\" srcset=\"https:\/\/americancoatingssas.com.co\/social\/wp-content\/uploads\/2023\/03\/Imagen5.jpg 774w, https:\/\/americancoatingssas.com.co\/social\/wp-content\/uploads\/2023\/03\/Imagen5-768x576.jpg 768w\" sizes=\"(max-width: 774px) 100vw, 774px\" \/><\/figure>\n\n\n<figure class=\"wp-block-image size-large\"><img decoding=\"async\" loading=\"lazy\" width=\"600\" height=\"799\" data-id=\"665\"  class=\"wp-image-665\" src=\"https:\/\/americancoatingssas.com.co\/social\/wp-content\/uploads\/2023\/03\/Imagen7.jpg\" alt=\"\" \/><\/figure>\n\n\n<figure class=\"wp-block-image size-large\"><img decoding=\"async\" loading=\"lazy\" width=\"928\" height=\"697\" data-id=\"664\"  class=\"wp-image-664\" src=\"https:\/\/americancoatingssas.com.co\/social\/wp-content\/uploads\/2023\/03\/Imagen6.jpg\" alt=\"\" srcset=\"https:\/\/americancoatingssas.com.co\/social\/wp-content\/uploads\/2023\/03\/Imagen6.jpg 928w, https:\/\/americancoatingssas.com.co\/social\/wp-content\/uploads\/2023\/03\/Imagen6-768x577.jpg 768w\" sizes=\"(max-width: 928px) 100vw, 928px\" \/><\/figure>\n\n<\/figure>\n\n<p>&nbsp;<\/p>\n<p>[\/vc_column_text][\/vc_column][\/vc_row]<\/p>\n<\/section>","protected":false},"excerpt":{"rendered":"<p>[vc_row][vc_column][vc_column_text] CAPACITACI\u00d3N EN EL MANEJO ADECUADO DE RESIDUOS S\u00d3LIDOS. American Coatings SAS pretende dignificar el estatus de los trabajadores del reciclaje, concientizando a las comunidades acerca de la relevancia en seleccionar desde sus casas el material aprovechable y proporcionarlo de manera adecuada a estos trabajadores. La capacitaci\u00f3n se enfoca en producir cambios culturales en la [&hellip;]<\/p>\n","protected":false},"author":1,"featured_media":0,"parent":0,"menu_order":0,"comment_status":"closed","ping_status":"closed","template":"","meta":[],"_links":{"self":[{"href":"https:\/\/americancoatingssas.com.co\/social\/wp-json\/wp\/v2\/pages\/307"}],"collection":[{"href":"https:\/\/americancoatingssas.com.co\/social\/wp-json\/wp\/v2\/pages"}],"about":[{"href":"https:\/\/americancoatingssas.com.co\/social\/wp-json\/wp\/v2\/types\/page"}],"author":[{"embeddable":true,"href":"https:\/\/americancoatingssas.com.co\/social\/wp-json\/wp\/v2\/users\/1"}],"replies":[{"embeddable":true,"href":"https:\/\/americancoatingssas.com.co\/social\/wp-json\/wp\/v2\/comments?post=307"}],"version-history":[{"count":21,"href":"https:\/\/americancoatingssas.com.co\/social\/wp-json\/wp\/v2\/pages\/307\/revisions"}],"predecessor-version":[{"id":787,"href":"https:\/\/americancoatingssas.com.co\/social\/wp-json\/wp\/v2\/pages\/307\/revisions\/787"}],"wp:attachment":[{"href":"https:\/\/americancoatingssas.com.co\/social\/wp-json\/wp\/v2\/media?parent=307"}],"curies":[{"name":"wp","href":"https:\/\/api.w.org\/{rel}","templated":true}]}}