{"id":7,"date":"2023-03-13T15:30:01","date_gmt":"2023-03-13T20:30:01","guid":{"rendered":"https:\/\/americancoatingssas.com.co\/social\/?page_id=7"},"modified":"2023-04-18T11:39:44","modified_gmt":"2023-04-18T16:39:44","slug":"responsabilidad-social","status":"publish","type":"page","link":"https:\/\/americancoatingssas.com.co\/social\/","title":{"rendered":"Inicio"},"content":{"rendered":"<section class=\"wpb-content-wrapper\"><p>[vc_row full_width=&#8221;stretch_row_content_no_spaces&#8221; conditional_render=&#8221;%5B%7B%22value_role%22%3A%22administrator%22%7D%5D&#8221;][vc_column][vc_gallery interval=&#8221;3&#8243; images=&#8221;702,701,700,699,698&#8243; img_size=&#8221;full&#8221; onclick=&#8221;&#8221;][\/vc_column][\/vc_row][vc_row][vc_column][vc_column_text]<\/p>\n<p class=\"has-text-align-left has-vivid-cyan-blue-color has-text-color has-medium-font-size\"><strong>RESPONSABILIDAD SOCIAL<\/strong> <strong>EMPRESARIAL (RSE)<\/strong><\/p>\n<p><!-- \/wp:paragraph --><br \/>\n<!-- wp:video {\"id\":577,\"className\":\"\"} --><\/p>\n<figure class=\"wp-block-video\"><video src=\"https:\/\/americancoatingssas.com.co\/social\/wp-content\/uploads\/2023\/03\/American-Coatings-Secuencia_2.mp4\" controls=\"controls\" width=\"634\" height=\"634\"><\/video><\/figure>\n<p>&nbsp;<\/p>\n<p>&nbsp;<\/p>\n<!-- wp:paragraph -->\n<style>\/*! elementor - v3.11.4 - 12-03-2023 *\/&lt;br \/> .elementor-heading-title{padding:0;margin:0;line-height:1}.elementor-widget-heading .elementor-heading-title[class*=elementor-size-]>a{color:inherit;font-size:inherit;line-height:inherit}.elementor-widget-heading .elementor-heading-title.elementor-size-small{font-size:15px}.elementor-widget-heading .elementor-heading-title.elementor-size-medium{font-size:19px}.elementor-widget-heading .elementor-heading-title.elementor-size-large{font-size:29px}.elementor-widget-heading .elementor-heading-title.elementor-size-xl{font-size:39px}.elementor-widget-heading .elementor-heading-title.elementor-size-xxl{font-size:59px}<\/style>\n<p>[\/vc_column_text][\/vc_column][\/vc_row][vc_row][vc_column][vc_column_text]<\/p>\n<p style=\"text-align: justify;\">La Responsabilidad Social Empresarial (RSE) es un concepto que toma relevancia en el mundo empresarial, se refiere a la responsabilidad que tienen las empresas en su entorno social y ambiental. En este sentido; <strong>American Coating SAS<\/strong>, implementa pol\u00edticas y pr\u00e1cticas internas para reducir la cantidad de residuos generados en la actividad diaria, la gesti\u00f3n responsable con los recursos naturales, el respeto a los derechos humanos, la \u00e9tica empresarial, la reducci\u00f3n en la huella de carbono y la transparencia en nuestras operaciones.<\/p>\n<p style=\"text-align: justify;\"><!-- \/wp:paragraph --><\/p>\n<p><!-- wp:paragraph -->Conforme a la agenda 2030 trazada por las Naciones Unidas, nos encontramos alineados de manera responsable a 5 de los 17 Objetivos de Desarrollo Sostenible donde hemos encontrado en el \u00e1rea del reciclaje una soluci\u00f3n que impacta de manera positiva al entorno social y al medio ambiente.<\/p>\n<p style=\"text-align: justify;\"><!-- \/wp:paragraph --><\/p>\n<p><!-- wp:paragraph -->Para <strong>American Coating SAS<\/strong>, la pr\u00e1ctica del reciclaje consiste en recolectar, clasificar, procesar y transformar materiales que ya no se utilizan en nuevos productos, con el fin de darles una segunda vida \u00fatil, ayudando al medio ambiente en la reducci\u00f3n tanto de residuos de un solo uso, como en la extracci\u00f3n de recursos naturales, de esta manera apoyamos a la reducci\u00f3n de los residuos que terminan en los vertederos y ayudamos a las futuras generaciones.<\/p>\n<p>[\/vc_column_text][\/vc_column][\/vc_row][vc_row][vc_column][vc_masonry_media_grid grid_id=&#8221;vc_gid:1681835945702-41efa83cd5587396a61ef63595f42fd3-8&#8243; include=&#8221;702,701,700,699,698&#8243;][\/vc_column][\/vc_row][vc_row][vc_column][vc_row_inner][vc_column_inner width=&#8221;1\/3&#8243;][vc_single_image image=&#8221;758&#8243; img_size=&#8221;full&#8221; alignment=&#8221;center&#8221;][\/vc_column_inner][vc_column_inner width=&#8221;2\/3&#8243;][vc_empty_space height=&#8221;60px&#8221;][vc_empty_space height=&#8221;60px&#8221;][vc_empty_space height=&#8221;60px&#8221;][vc_column_text]<\/p>\n<h2 style=\"text-align: justify;\"><span style=\"color: #3366ff;\"><strong>Nuestra presencia en las regiones de Colombia<\/strong><\/span><\/h2>\n<p>[\/vc_column_text][\/vc_column_inner][\/vc_row_inner][\/vc_column][\/vc_row]<\/p>\n<\/section>","protected":false},"excerpt":{"rendered":"<p>[vc_row full_width=&#8221;stretch_row_content_no_spaces&#8221; conditional_render=&#8221;%5B%7B%22value_role%22%3A%22administrator%22%7D%5D&#8221;][vc_column][vc_gallery interval=&#8221;3&#8243; images=&#8221;702,701,700,699,698&#8243; img_size=&#8221;full&#8221; onclick=&#8221;&#8221;][\/vc_column][\/vc_row][vc_row][vc_column][vc_column_text] RESPONSABILIDAD SOCIAL EMPRESARIAL (RSE) &nbsp; &nbsp; [\/vc_column_text][\/vc_column][\/vc_row][vc_row][vc_column][vc_column_text] La Responsabilidad Social Empresarial (RSE) es un concepto que toma relevancia en el mundo empresarial, se refiere a la responsabilidad que tienen las empresas en su entorno social y ambiental. En este sentido; American Coating SAS, implementa pol\u00edticas y pr\u00e1cticas internas [&hellip;]<\/p>\n","protected":false},"author":1,"featured_media":0,"parent":0,"menu_order":0,"comment_status":"closed","ping_status":"closed","template":"","meta":[],"_links":{"self":[{"href":"https:\/\/americancoatingssas.com.co\/social\/wp-json\/wp\/v2\/pages\/7"}],"collection":[{"href":"https:\/\/americancoatingssas.com.co\/social\/wp-json\/wp\/v2\/pages"}],"about":[{"href":"https:\/\/americancoatingssas.com.co\/social\/wp-json\/wp\/v2\/types\/page"}],"author":[{"embeddable":true,"href":"https:\/\/americancoatingssas.com.co\/social\/wp-json\/wp\/v2\/users\/1"}],"replies":[{"embeddable":true,"href":"https:\/\/americancoatingssas.com.co\/social\/wp-json\/wp\/v2\/comments?post=7"}],"version-history":[{"count":67,"href":"https:\/\/americancoatingssas.com.co\/social\/wp-json\/wp\/v2\/pages\/7\/revisions"}],"predecessor-version":[{"id":785,"href":"https:\/\/americancoatingssas.com.co\/social\/wp-json\/wp\/v2\/pages\/7\/revisions\/785"}],"wp:attachment":[{"href":"https:\/\/americancoatingssas.com.co\/social\/wp-json\/wp\/v2\/media?parent=7"}],"curies":[{"name":"wp","href":"https:\/\/api.w.org\/{rel}","templated":true}]}}